{"id":2274,"date":"2018-05-24T12:27:51","date_gmt":"2018-05-24T12:27:51","guid":{"rendered":"http:\/\/www.galeriafoksal.pl\/?page_id=2274&#038;lang=pl"},"modified":"2018-05-24T12:28:22","modified_gmt":"2018-05-24T12:28:22","slug":"polityka-prywatnosci","status":"publish","type":"page","link":"https:\/\/www.galeriafoksal.pl\/en\/polityka-prywatnosci\/","title":{"rendered":"Polityka Prywatno\u015bci"},"content":{"rendered":"<p align=\"center\"><b><span style=\"text-decoration: underline;\">Nawigator<\/span><\/b><\/p>\n<p>Ta strona u\u017cywa mechanizmu \u201ecookies\u201d tzw. ciasteczek. Wi\u0119cej informacji oraz przyk\u0142ad jego wy\u0142\u0105czania dost\u0119pny jest na stronie <b>(link do polityki prywatno\u015bci). <\/b>Kontynuuj\u0105c korzystanie ze strony zgadzacie si\u0119 Pa\u0144stwo na dzia\u0142anie mechanizmu ciasteczek.<\/p>\n<p align=\"center\"><b><span style=\"text-decoration: underline;\">Polityka Prywatno\u015bci<\/span><\/b><\/p>\n<p>Niniejsza polityka prywatno\u015bci dotycz\u0105ca gromadzenia i przetwarzania danych osobowych ma na celu wyja\u015bnienie, w jaki spos\u00f3b chronimy dane dotycz\u0105ce os\u00f3b odwiedzaj\u0105cych t\u0119 witryn\u0119. \u201eO\u015bwiadczenie o Prywatno\u015bci\u201d z\u0142o\u017cone w przedmiotowej polityce ma zastosowanie wy\u0142\u0105cznie do okre\u015blonych stron internetowych Mazowieckiego Instytutu Kultury oraz podmiot\u00f3w jemu podleg\u0142ych.<\/p>\n<p style=\"text-align: center;\"><b>Administrator<\/b><\/p>\n<p>Uprzejmie informujemy, \u017ce administratorem danych osobowych zbieranych przez witryn\u0119\u00a0 www.mik.waw.pl jest Mazowiecki Instytut Kultury, ul. Elektoralna 12, 00-139 Warszawa, tel. 22 586 42 00, tel.\/fax 22 624 70 01, iod@mik.waw.pl, www.mik.waw.pl, NIP: 525 000 59 00, Regon: 146115201.<\/p>\n<p>Wszelkie pytania dotycz\u0105ce \u201eO\u015bwiadczenia o Prywatno\u015bci\u201d, gromadzenia i przetwarzania danych osobowych u\u017cytkownik\u00f3w witryny prosimy kierowa\u0107 do naszego Inspektora Ochrony Danych na adres: iod@mik.waw.pl.<\/p>\n<p style=\"text-align: center;\"><b>Gromadzenie i przetwarzanie danych osobowych<\/b><\/p>\n<p>Nasza witryna nie wymusza na u\u017cytkownikach obowi\u0105zku podawania swoich danych osobowych, aby m\u00f3c z niej skorzysta\u0107. Jednak\u017ce za jej po\u015brednictwem mog\u0105 by\u0107 gromadzone dane osobowe dobrowolnie udost\u0119pniane przez u\u017cytkownik\u00f3w dla cel\u00f3w statystycznych, dokonania zakup\u00f3w za naszym po\u015brednictwem korzystamy z program\u00f3w HotJar, Pixel Facebook, Fresh Mail, kt\u00f3re s\u0142u\u017c\u0105 nam do rejestrowania aktywno\u015bci u\u017cytkownik\u00f3w.<\/p>\n<p>Za ka\u017cdym razem zgoda na przetwarzanie danych osobowych zostanie pozyskana od u\u017cytkownika zgodnie z obowi\u0105zuj\u0105cymi przepisami o ochronie danych osobowych, a administrator poinformuje u\u017cytkownika o zbieraniu i przetwarzaniu danych osobowych przed ich pozyskaniem i rozpocz\u0119ciem przetwarzania.<\/p>\n<p style=\"text-align: center;\"><b>Informacje na temat plik\u00f3w cookies <\/b><\/p>\n<p>Dla potrzeb zarz\u0105dzania witryn\u0105 i usprawnienia nawigacji administrator mo\u017ce u\u017cywa\u0107 plik\u00f3w cookies (ma\u0142ych plik\u00f3w tekstowych zapisywanych w przegl\u0105darce u\u017cytkownika). Nie zbieramy, ani nie przechowujemy pojedynczych plik\u00f3w cookies w formie nie po\u0142\u0105czonych za sob\u0105. Dla cel\u00f3w funkcjonalnych mamy dost\u0119p wy\u0142\u0105cznie do pochodz\u0105cych z cookies danych po\u0142\u0105czonych ze sob\u0105.<\/p>\n<p>Dodatkowe informacje na temat wykorzystywania przez nas plik\u00f3w cookies umo\u017cliwiaj\u0105cych rejestrowanie aktywno\u015bci w witrynie oraz mo\u017cliwo\u015bci ich kontrolowania przez u\u017cytkownik\u00f3w podano w \u201eInformacji o plikach cookies\u201d.<\/p>\n<p style=\"text-align: center;\"><b>Bezpiecze\u0144stwo informacji<\/b><\/p>\n<p>Wprowadzili\u015bmy okre\u015blone standardy technologii i bezpiecze\u0144stwa operacyjnego w celu ochrony informacji dostarczonych przez osoby odwiedzaj\u0105ce Witryn\u0119 przed nieupowa\u017cnionym dost\u0119pem, ujawnieniem, modyfikacj\u0105 lub zniszczeniem. W kwietniu 2017 roku DCE uzyska\u0142a certyfikat ISO\/IEC 27001, dotycz\u0105cy systemu zarz\u0105dzania bezpiecze\u0144stwem informacji. ISO\/IEC 27001 gwarantuje zgodno\u015b\u0107 wszystkich zasad i procedur DCE z najlepszymi praktykami i ich \u015bcis\u0142e przestrzeganie przez naszych specjalist\u00f3w.<\/p>\n<p style=\"text-align: center;\"><b>Modyfikacja informacji dotycz\u0105cych przetwarzania danych osobowych<\/b><\/p>\n<p>Zastrzegamy sobie prawo do dokonywania zmian okresowych, uznaniowych modyfikacji niniejszego \u201eO\u015bwiadczenia o prywatno\u015bci\u201d. Z chwil\u0105 jego aktualizacji informacje o tym wraz z dat\u0105 jej wprowadzenia podamy na g\u00f3rze strony. W takim przypadku zmienione \u201eO\u015bwiadczenie prywatno\u015bci\u201d b\u0119dzie mie\u0107 zastosowanie do u\u017cytkownik\u00f3w i przekazywanych przez nich danych pocz\u0105wszy od daty aktualizacji.<\/p>\n<p style=\"text-align: center;\"><b>Ochrona prywatno\u015bci dzieci<\/b><\/p>\n<p>Wiemy, jak wa\u017cna jest ochrona prywatno\u015bci dzieci w Internecie. Witryna nie zosta\u0142a zaprojektowana z my\u015bl\u0105 o dzieciach poni\u017cej szesnastego roku \u017cycia i nie jest dla nich przeznaczona. Nasza polityka nie przewiduje celowego gromadzenia danych, dotycz\u0105cych dzieci poni\u017cej szesnastego roku \u017cycia.<\/p>\n<p style=\"text-align: center;\"><b>Newsletter<\/b><\/p>\n<p>W przypadku subskrypcji newslettera informujemy, \u017ce przekazane nam dane wykorzystujemy wy\u0142\u0105cznie do wysy\u0142ania najnowszych informacji zwi\u0105zanych z dzia\u0142alno\u015bci\u0105 MIK oraz podmiot\u00f3w jemu podleg\u0142ych. W ka\u017cdej chwili u\u017cytkownik mo\u017ce z niego zrezygnowa\u0107: wysy\u0142aj\u0105c mail na adres: iod@@mik.waw.pl z pro\u015bb\u0105 o wykre\u015blenie z listy odbiorc\u00f3w wiadomo\u015bci lub dezaktywowa\u0107 we w\u0142asnym zakresie.<\/p>","protected":false},"excerpt":{"rendered":"","protected":false},"author":3,"featured_media":0,"parent":0,"menu_order":0,"comment_status":"closed","ping_status":"closed","template":"","meta":{"footnotes":""},"class_list":["post-2274","page","type-page","status-publish","hentry"],"_links":{"self":[{"href":"https:\/\/www.galeriafoksal.pl\/en\/wp-json\/wp\/v2\/pages\/2274","targetHints":{"allow":["GET"]}}],"collection":[{"href":"https:\/\/www.galeriafoksal.pl\/en\/wp-json\/wp\/v2\/pages"}],"about":[{"href":"https:\/\/www.galeriafoksal.pl\/en\/wp-json\/wp\/v2\/types\/page"}],"author":[{"embeddable":true,"href":"https:\/\/www.galeriafoksal.pl\/en\/wp-json\/wp\/v2\/users\/3"}],"replies":[{"embeddable":true,"href":"https:\/\/www.galeriafoksal.pl\/en\/wp-json\/wp\/v2\/comments?post=2274"}],"version-history":[{"count":0,"href":"https:\/\/www.galeriafoksal.pl\/en\/wp-json\/wp\/v2\/pages\/2274\/revisions"}],"wp:attachment":[{"href":"https:\/\/www.galeriafoksal.pl\/en\/wp-json\/wp\/v2\/media?parent=2274"}],"curies":[{"name":"wp","href":"https:\/\/api.w.org\/{rel}","templated":true}]}}