{"id":2755,"date":"2020-10-04T20:38:20","date_gmt":"2020-10-04T20:38:20","guid":{"rendered":"http:\/\/www.galeriafoksal.pl\/?page_id=2755"},"modified":"2026-05-12T11:44:32","modified_gmt":"2026-05-12T11:44:32","slug":"deklaracja-dostepnosci","status":"publish","type":"page","link":"https:\/\/www.galeriafoksal.pl\/en\/deklaracja-dostepnosci\/","title":{"rendered":"Deklaracja dost\u0119pno\u015bci"},"content":{"rendered":"<h1>O\u015bwiadczenie w sprawie dost\u0119pno\u015bci<\/h1>\n<p>Galeria Foksal zobowi\u0105zuje si\u0119 zapewni\u0107 dost\u0119pno\u015b\u0107 zgodnie z ustaw\u0105 z dnia 19 lipca 2019 r. o zapewnianiu dost\u0119pno\u015bci osobom ze szczeg\u00f3lnymi potrzebami.<\/p>\n<p>Deklaracja dost\u0119pno\u015bci dotyczy:<\/p>\n<p>Galerii Foksal, ul. Foksal 1\/4, 00-950 Warszawa<\/p>\n<h1>Dost\u0119pno\u015b\u0107 architektoniczna<\/h1>\n<h2>Parking<\/h2>\n<p>Przy obiekcie nie wyznaczono miejsc parkingowych dla os\u00f3b z niepe\u0142nosprawno\u015bciami.<\/p>\n<p>W bezpo\u015brednim s\u0105siedztwie obiektu, przed terenem SARP, znajduje si\u0119 miejsce parkingowe dla os\u00f3b z niepe\u0142nosprawno\u015bciami, kt\u00f3re jest prawid\u0142owo oznakowane.<\/p>\n<p>Istnieje r\u00f3wnie\u017c mo\u017cliwo\u015b\u0107 skorzystania z parkingu zlokalizowanego na terenie SARP. Wjazd na ten teren odbywa si\u0119 po wcze\u015bniejszym kontakcie telefonicznym z obs\u0142ug\u0105 obiektu, kt\u00f3ra wyst\u0119puje z pro\u015bb\u0105 o udost\u0119pnienie miejsca.<\/p>\n<p>W przypadku wjazdu na teren SARP parkowanie jest bezp\u0142atne, natomiast miejsca parkingowe znajduj\u0105ce si\u0119, poza tym terenem s\u0105 p\u0142atne.<\/p>\n<h2>Pies asystuj\u0105cy<\/h2>\n<p>Do obiektu mo\u017cna wej\u015b\u0107 z psem asystuj\u0105cym lub psem przewodnikiem.<\/p>\n<p>Od ps\u00f3w asystuj\u0105cych nie jest wymagane stosowanie kaga\u0144ca.<\/p>\n<p>W obiekcie zapewnia si\u0119 dost\u0119p do wody dla psa.<\/p>\n<h2>Wej\u015bcie do budynku<\/h2>\n<p>Wej\u015bcie do budynku znajduje si\u0119 na poziomie gruntu.<\/p>\n<p>Do wej\u015bcia nie prowadz\u0105 schody ani inne bariery architektoniczne wymagaj\u0105ce pokonania r\u00f3\u017cnicy wysoko\u015bci, dlatego nie ma potrzeby stosowania pochylni, rampy ani platformy przyschodowej.<\/p>\n<p>Przed wej\u015bciem znajduje si\u0119 du\u017ca przestrze\u0144 manewrowa.<\/p>\n<p>Drzwi wej\u015bciowe nie s\u0105 obrotowe ani automatyczne. Otwieraj\u0105 si\u0119 r\u0119cznie, na zewn\u0105trz, nie wymagaj\u0105 u\u017cycia du\u017cej si\u0142y i wyposa\u017cone s\u0105 w wygodn\u0105, ergonomiczn\u0105 klamk\u0119. Drzwi nie pozostaj\u0105 samoczynnie w pozycji otwartej.<\/p>\n<p>Szeroko\u015b\u0107 wej\u015bcia po otwarciu obu skrzyde\u0142 wynosi ok. 170 cm.<\/p>\n<p>Drzwi nie s\u0105 przezroczyste.<\/p>\n<p>Skorzystanie z dzwonka przy drzwiach wej\u015bciowych ani z domofonu nie jest konieczne jednak przy wej\u015bciu znajduje si\u0119 dzwonek umieszczony na wysoko\u015bci umo\u017cliwiaj\u0105cej wygodne skorzystanie osobom poruszaj\u0105cym si\u0119 na w\u00f3zkach oraz osobom niskiego wzrostu. Dodatkowo dost\u0119pny jest alternatywny dzwonek umieszczony wy\u017cej, na wypadek, gdyby podstawowy dzwonek nie dzia\u0142a\u0142. Przy wej\u015bciu znajduje si\u0119 r\u00f3wnie\u017c informacja z numerem telefonu do pracownika galerii, kt\u00f3ry w razie potrzeby mo\u017ce udzieli\u0107 wsparcia.<\/p>\n<h2>Przestrze\u0144 za wej\u015bciem<\/h2>\n<p>Po wej\u015bciu do budynku dost\u0119pne jest bezpo\u015brednie przej\u015bcie do przestrzeni wystawienniczej oraz biura.<\/p>\n<p>Przestrze\u0144 galerii jest niewielka i intuicyjna \u2013 po wej\u015bciu widoczna jest sala wystawowa, do kt\u00f3rej prowadzi prosty uk\u0142ad komunikacyjny.<\/p>\n<p>W obiekcie nie ma informacji dotykowych ani planu rozmieszczenia pomieszcze\u0144 w kontrastowych kolorach i du\u017cych czcionkach. Ze wzgl\u0119du na prosty uk\u0142ad przestrzeni orientacja w budynku odbywa si\u0119 bezpo\u015brednio na podstawie widocznego uk\u0142adu pomieszcze\u0144.<\/p>\n<p>W przestrzeni nie funkcjonuje system d\u017awi\u0119kowy ani \u015bcie\u017cki dotykowe.<\/p>\n<p>Przestrze\u0144 jest zazwyczaj cicha, spokojna i dobrze o\u015bwietlona.<\/p>\n<p>W obiekcie nie ma sta\u0142ego punktu obs\u0142ugi.<\/p>\n<p>Na wybrane wydarzenia dost\u0119pna jest p\u0119tla indukcyjna.<\/p>\n<p>Dost\u0119pna jest r\u00f3wnie\u017c us\u0142uga t\u0142umaczenia na j\u0119zyk migowy.<\/p>\n<h2>Komunikacja pozioma<\/h2>\n<p>Obiekt znajduje si\u0119 na jednym poziomie i obejmuje jedn\u0105 kondygnacj\u0119.<\/p>\n<p>W przestrzeni nie wyst\u0119puj\u0105 r\u00f3\u017cnice poziom\u00f3w, w zwi\u0105zku z czym nie ma potrzeby stosowania pochylni ani innych urz\u0105dze\u0144 umo\u017cliwiaj\u0105cych ich pokonanie.<\/p>\n<p>Wszystkie ci\u0105gi komunikacyjne s\u0105 dost\u0119pne dla os\u00f3b poruszaj\u0105cych si\u0119 na w\u00f3zkach. Nie wyst\u0119puj\u0105 odcinki korytarzy wy\u0142\u0105czone z dost\u0119pno\u015bci.<\/p>\n<h2>Toaleta dost\u0119pna<\/h2>\n<p>W budynku nie ma wyznaczonej toalety dla os\u00f3b z niepe\u0142nosprawno\u015bciami.<\/p>\n<p>Znajduje si\u0119 toaleta og\u00f3lnodost\u0119pna, jednak nie posiada ona pochwyt\u00f3w ani innych urz\u0105dze\u0144 u\u0142atwiaj\u0105cych korzystanie.<\/p>\n<p>Nie zapewniono w niej odpowiedniej przestrzeni manewrowej ani przestrzeni transferowej na misk\u0119 ust\u0119pow\u0105.<\/p>\n<h1>Dost\u0119pno\u015b\u0107 informacyjno-komunikacyjna<\/h1>\n<h2>Kontakt i komunikacja<\/h2>\n<p>Instytucja udost\u0119pnia wi\u0119cej ni\u017c jeden kana\u0142 kontaktu \u2013 mo\u017cliwy jest kontakt telefoniczny oraz mailowy.<\/p>\n<p>Kontakt e-mail jest dost\u0119pny r\u00f3wnie\u017c w sprawach organizacyjnych.<\/p>\n<p>Na stronie nie udost\u0119pniono formularza kontaktowego ani formularza zg\u0142oszenia potrzeby wsparcia.<\/p>\n<h2>PJM i komunikacja wspomagana<\/h2>\n<p>Instytucja zapewnia mo\u017cliwo\u015b\u0107 skorzystania z t\u0142umacza PJM w formie online, dost\u0119pnego 7 dni w tygodniu w godzinach 9:00\u201320:00.<\/p>\n<h2>Obs\u0142uga os\u00f3b ze szczeg\u00f3lnymi potrzebami<\/h2>\n<p>W instytucji nie funkcjonuje formalnie opisana procedura obs\u0142ugi os\u00f3b ze szczeg\u00f3lnymi potrzebami w kontakcie bezpo\u015brednim.<\/p>\n<p>Mo\u017cliwe jest jednak zg\u0142oszenie potrzeby wsparcia przed wizyt\u0105 lub podczas wizyty.<\/p>\n<p>W punktach obs\u0142ugi przewidziano mo\u017cliwo\u015b\u0107 spokojnej, pisemnej komunikacji.<\/p>\n<p>Pracownicy pierwszego kontaktu znaj\u0105 podstawowe zasady komunikacji z osobami G\u0142uchymi, s\u0142abos\u0142ysz\u0105cymi, niewidomymi, s\u0142abowidz\u0105cymi i neuror\u00f3\u017cnorodnymi.<\/p>\n<p>Nie opracowano formalnych wzor\u00f3w prostych komunikat\u00f3w ani instrukcji dla pracownik\u00f3w pierwszego kontaktu, jednak personel zosta\u0142 przeszkolony w zakresie obs\u0142ugi os\u00f3b ze szczeg\u00f3lnymi potrzebami.<\/p>\n<h2>P\u0119tle indukcyjne i wspomaganie s\u0142uchu<\/h2>\n<p>W obiekcie nie ma p\u0119tli indukcyjnej ani innych urz\u0105dze\u0144 wspomagaj\u0105cych s\u0142yszenie.<\/p>\n<p>W zwi\u0105zku z tym nie wyst\u0119puje ich oznakowanie ani informacja o mo\u017cliwo\u015bci skorzystania z takich rozwi\u0105za\u0144 na miejscu.<\/p>\n<h2>Informacja w budynku<\/h2>\n<p>Najwa\u017cniejsze informacje w budynku nie s\u0105 przekazywane w czytelnej formie wizualnej. Przestrze\u0144 jest bardzo prosta \u2013 znajduje si\u0119 jedna sala wystawowa dost\u0119pna bezpo\u015brednio od wej\u015bcia.<\/p>\n<p>W budynku nie stosuje si\u0119 oznacze\u0144.<\/p>\n<p>Nie wyst\u0119puj\u0105 komunikaty g\u0142osowe wspieraj\u0105ce orientacj\u0119 ani obs\u0142ug\u0119. W zwi\u0105zku z tym nie ma r\u00f3wnie\u017c ich wizualnych odpowiednik\u00f3w.<\/p>\n<h2>Materia\u0142y i tre\u015bci<\/h2>\n<p>Instytucja udost\u0119pnia informacje o swojej dzia\u0142alno\u015bci w prostym i zrozumia\u0142ym j\u0119zyku.<\/p>\n<p>Wybrane najwa\u017cniejsze informacje s\u0105 dost\u0119pne w formacie \u0142atwym do czytania i rozumienia (ETR).<\/p>\n<p>Publikowane materia\u0142y wideo posiadaj\u0105 napisy, a w razie potrzeby zapewniane jest r\u00f3wnie\u017c t\u0142umaczenie na PJM lub inne alternatywne formy przekazu.<\/p>\n<p>Istnieje mo\u017cliwo\u015b\u0107 otrzymania wa\u017cnych dokument\u00f3w i instrukcji w alternatywnej formie na wniosek.<\/p>\n<h1>Przygotowanie deklaracji dost\u0119pno\u015bci i jej aktualizacja<\/h1>\n<p>Data sporz\u0105dzenia deklaracji: 29.04.2026<\/p>\n<p>Data ostatniego przegl\u0105du deklaracji: 29.04.2026<\/p>\n<h1>Informacje zwrotne i dane kontaktowe<\/h1>\n<p>e-mail: foksal@mik.waw.pl<\/p>\n<p>telefon: +48 228276243<\/p>\n<h1>Obs\u0142uga wniosk\u00f3w i skarg zwi\u0105zanych z dost\u0119pno\u015bci\u0105<\/h1>\n<p>Na zg\u0142oszenie odpowiada si\u0119 niezw\u0142ocznie, nie p\u00f3\u017aniej ni\u017c w ci\u0105gu 7 dni.<\/p>\n<p>W przypadku braku mo\u017cliwo\u015bci \u2013 do 2 miesi\u0119cy.<\/p>\n<p>&nbsp;<\/p>\n<p>&nbsp;<\/p>","protected":false},"excerpt":{"rendered":"","protected":false},"author":3,"featured_media":0,"parent":0,"menu_order":0,"comment_status":"closed","ping_status":"closed","template":"","meta":{"footnotes":""},"class_list":["post-2755","page","type-page","status-publish","hentry"],"_links":{"self":[{"href":"https:\/\/www.galeriafoksal.pl\/en\/wp-json\/wp\/v2\/pages\/2755","targetHints":{"allow":["GET"]}}],"collection":[{"href":"https:\/\/www.galeriafoksal.pl\/en\/wp-json\/wp\/v2\/pages"}],"about":[{"href":"https:\/\/www.galeriafoksal.pl\/en\/wp-json\/wp\/v2\/types\/page"}],"author":[{"embeddable":true,"href":"https:\/\/www.galeriafoksal.pl\/en\/wp-json\/wp\/v2\/users\/3"}],"replies":[{"embeddable":true,"href":"https:\/\/www.galeriafoksal.pl\/en\/wp-json\/wp\/v2\/comments?post=2755"}],"version-history":[{"count":13,"href":"https:\/\/www.galeriafoksal.pl\/en\/wp-json\/wp\/v2\/pages\/2755\/revisions"}],"predecessor-version":[{"id":5415,"href":"https:\/\/www.galeriafoksal.pl\/en\/wp-json\/wp\/v2\/pages\/2755\/revisions\/5415"}],"wp:attachment":[{"href":"https:\/\/www.galeriafoksal.pl\/en\/wp-json\/wp\/v2\/media?parent=2755"}],"curies":[{"name":"wp","href":"https:\/\/api.w.org\/{rel}","templated":true}]}}